{"id":26,"date":"2026-04-02T14:43:46","date_gmt":"2026-04-02T14:43:46","guid":{"rendered":"https:\/\/protowp.fr\/?product=combinaison-pantalon-noir"},"modified":"2026-04-06T15:11:13","modified_gmt":"2026-04-06T15:11:13","slug":"combinaison-pantalon-noir","status":"publish","type":"product","link":"https:\/\/protowp.fr\/?product=combinaison-pantalon-noir","title":{"rendered":"Combinaison Pantalon Noir"},"content":{"rendered":"<p>Combinaison pantalon noire ind\u00e9modable, taille cintr\u00e9e et jambes larges. Un basique chic qui se d\u00e9cline \u00e0 l&rsquo;infini avec vos accessoires pr\u00e9f\u00e9r\u00e9s. Fermeture invisible dans le dos. Tissu cr\u00eape de qualit\u00e9. Entretien facile.<\/p>\n","protected":false},"excerpt":{"rendered":"<p>Combinaison pantalon noire, coupe cintr\u00e9e, jambes larges \u2014 le basique chic par excellence.<\/p>\n","protected":false},"featured_media":49,"comment_status":"open","ping_status":"closed","template":"","meta":[],"product_brand":[],"product_cat":[26],"product_tag":[27,29,28],"class_list":{"0":"post-26","1":"product","2":"type-product","3":"status-publish","4":"has-post-thumbnail","6":"product_cat-combinaisons","7":"product_tag-classique","8":"product_tag-combinaison","9":"product_tag-noir","11":"first","12":"outofstock","13":"sale","14":"featured","15":"shipping-taxable","16":"purchasable","17":"product-type-simple"},"_links":{"self":[{"href":"https:\/\/protowp.fr\/index.php?rest_route=\/wp\/v2\/product\/26","targetHints":{"allow":["GET"]}}],"collection":[{"href":"https:\/\/protowp.fr\/index.php?rest_route=\/wp\/v2\/product"}],"about":[{"href":"https:\/\/protowp.fr\/index.php?rest_route=\/wp\/v2\/types\/product"}],"replies":[{"embeddable":true,"href":"https:\/\/protowp.fr\/index.php?rest_route=%2Fwp%2Fv2%2Fcomments&post=26"}],"wp:featuredmedia":[{"embeddable":true,"href":"https:\/\/protowp.fr\/index.php?rest_route=\/wp\/v2\/media\/49"}],"wp:attachment":[{"href":"https:\/\/protowp.fr\/index.php?rest_route=%2Fwp%2Fv2%2Fmedia&parent=26"}],"wp:term":[{"taxonomy":"product_brand","embeddable":true,"href":"https:\/\/protowp.fr\/index.php?rest_route=%2Fwp%2Fv2%2Fproduct_brand&post=26"},{"taxonomy":"product_cat","embeddable":true,"href":"https:\/\/protowp.fr\/index.php?rest_route=%2Fwp%2Fv2%2Fproduct_cat&post=26"},{"taxonomy":"product_tag","embeddable":true,"href":"https:\/\/protowp.fr\/index.php?rest_route=%2Fwp%2Fv2%2Fproduct_tag&post=26"}],"curies":[{"name":"wp","href":"https:\/\/api.w.org\/{rel}","templated":true}]}}