{"id":25,"date":"2026-04-02T14:43:45","date_gmt":"2026-04-02T14:43:45","guid":{"rendered":"https:\/\/protowp.fr\/?product=blazer-oversize-ecru"},"modified":"2026-04-09T16:19:42","modified_gmt":"2026-04-09T16:19:42","slug":"blazer-oversize-ecru","status":"publish","type":"product","link":"https:\/\/protowp.fr\/?product=blazer-oversize-ecru","title":{"rendered":"Blazer Oversize \u00c9cru"},"content":{"rendered":"<p>Blazer oversize tendance en coloris \u00e9cru naturel. Confectionn\u00e9 dans un tissu de qualit\u00e9 sup\u00e9rieure, ce blazer se porte aussi bien au bureau qu&rsquo;en soir\u00e9e casual. Poches fonctionnelles, doublure int\u00e9rieure. Tailles 34 \u00e0 46.<\/p>\n","protected":false},"excerpt":{"rendered":"<p>Blazer oversize \u00e9cru intemporel, tissu premium, coupes g\u00e9n\u00e9reuses et \u00e9l\u00e9gantes.<\/p>\n","protected":false},"featured_media":75,"comment_status":"open","ping_status":"closed","template":"","meta":[],"product_brand":[],"product_cat":[22],"product_tag":[23,24,25],"class_list":{"0":"post-25","1":"product","2":"type-product","3":"status-publish","4":"has-post-thumbnail","6":"product_cat-vestes","7":"product_tag-bureau","8":"product_tag-casual","9":"product_tag-tendance","11":"first","12":"outofstock","13":"featured","14":"shipping-taxable","15":"purchasable","16":"product-type-simple"},"_links":{"self":[{"href":"https:\/\/protowp.fr\/index.php?rest_route=\/wp\/v2\/product\/25","targetHints":{"allow":["GET"]}}],"collection":[{"href":"https:\/\/protowp.fr\/index.php?rest_route=\/wp\/v2\/product"}],"about":[{"href":"https:\/\/protowp.fr\/index.php?rest_route=\/wp\/v2\/types\/product"}],"replies":[{"embeddable":true,"href":"https:\/\/protowp.fr\/index.php?rest_route=%2Fwp%2Fv2%2Fcomments&post=25"}],"wp:featuredmedia":[{"embeddable":true,"href":"https:\/\/protowp.fr\/index.php?rest_route=\/wp\/v2\/media\/75"}],"wp:attachment":[{"href":"https:\/\/protowp.fr\/index.php?rest_route=%2Fwp%2Fv2%2Fmedia&parent=25"}],"wp:term":[{"taxonomy":"product_brand","embeddable":true,"href":"https:\/\/protowp.fr\/index.php?rest_route=%2Fwp%2Fv2%2Fproduct_brand&post=25"},{"taxonomy":"product_cat","embeddable":true,"href":"https:\/\/protowp.fr\/index.php?rest_route=%2Fwp%2Fv2%2Fproduct_cat&post=25"},{"taxonomy":"product_tag","embeddable":true,"href":"https:\/\/protowp.fr\/index.php?rest_route=%2Fwp%2Fv2%2Fproduct_tag&post=25"}],"curies":[{"name":"wp","href":"https:\/\/api.w.org\/{rel}","templated":true}]}}