{"id":24,"date":"2026-04-02T14:43:45","date_gmt":"2026-04-02T14:43:45","guid":{"rendered":"https:\/\/protowp.fr\/?product=robe-fluide-doree"},"modified":"2026-04-10T16:56:57","modified_gmt":"2026-04-10T16:56:57","slug":"robe-fluide-doree","status":"publish","type":"product","link":"https:\/\/protowp.fr\/?product=robe-fluide-doree","title":{"rendered":"Robe Fluide Dor\u00e9e"},"content":{"rendered":"<p>Robe longue en tissu fluide dor\u00e9, l\u00e9g\u00e8re et \u00e9l\u00e9gante. Parfaite pour les soir\u00e9es et les occasions sp\u00e9ciales. Coupe empire qui met en valeur la silhouette. Disponible en XS, S, M, L, XL.<\/p>\n","protected":false},"excerpt":{"rendered":"<p>Robe longue fluide en coloris dor\u00e9, coupe empire, id\u00e9ale pour les soir\u00e9es.<\/p>\n","protected":false},"featured_media":74,"comment_status":"open","ping_status":"closed","template":"","meta":[],"product_brand":[],"product_cat":[18],"product_tag":[21,20,19],"class_list":{"0":"post-24","1":"product","2":"type-product","3":"status-publish","4":"has-post-thumbnail","6":"product_cat-robes","7":"product_tag-nouveau","8":"product_tag-robe-longue","9":"product_tag-soiree","11":"first","12":"outofstock","13":"sale","14":"featured","15":"shipping-taxable","16":"purchasable","17":"product-type-simple"},"_links":{"self":[{"href":"https:\/\/protowp.fr\/index.php?rest_route=\/wp\/v2\/product\/24","targetHints":{"allow":["GET"]}}],"collection":[{"href":"https:\/\/protowp.fr\/index.php?rest_route=\/wp\/v2\/product"}],"about":[{"href":"https:\/\/protowp.fr\/index.php?rest_route=\/wp\/v2\/types\/product"}],"replies":[{"embeddable":true,"href":"https:\/\/protowp.fr\/index.php?rest_route=%2Fwp%2Fv2%2Fcomments&post=24"}],"wp:featuredmedia":[{"embeddable":true,"href":"https:\/\/protowp.fr\/index.php?rest_route=\/wp\/v2\/media\/74"}],"wp:attachment":[{"href":"https:\/\/protowp.fr\/index.php?rest_route=%2Fwp%2Fv2%2Fmedia&parent=24"}],"wp:term":[{"taxonomy":"product_brand","embeddable":true,"href":"https:\/\/protowp.fr\/index.php?rest_route=%2Fwp%2Fv2%2Fproduct_brand&post=24"},{"taxonomy":"product_cat","embeddable":true,"href":"https:\/\/protowp.fr\/index.php?rest_route=%2Fwp%2Fv2%2Fproduct_cat&post=24"},{"taxonomy":"product_tag","embeddable":true,"href":"https:\/\/protowp.fr\/index.php?rest_route=%2Fwp%2Fv2%2Fproduct_tag&post=24"}],"curies":[{"name":"wp","href":"https:\/\/api.w.org\/{rel}","templated":true}]}}